{"id":5608,"date":"2023-03-09T09:37:15","date_gmt":"2023-03-09T07:37:15","guid":{"rendered":"https:\/\/vahetund.ee\/media-coverage\/"},"modified":"2023-03-20T11:45:00","modified_gmt":"2023-03-20T09:45:00","slug":"media-coverage","status":"publish","type":"page","link":"https:\/\/vahetund.ee\/en\/media-coverage\/","title":{"rendered":"Media"},"content":{"rendered":"\t\t<div data-elementor-type=\"wp-page\" data-elementor-id=\"5608\" class=\"elementor elementor-5608 elementor-2665\">\n\t\t\t\t\t\t<div class=\"elementor-inner\">\n\t\t\t\t<div class=\"elementor-section-wrap\">\n\t\t\t\t\t\t\t\t\t<section class=\"elementor-section elementor-top-section elementor-element elementor-element-3090fa7e elementor-section-content-middle elementor-section-full_width elementor-section-height-default elementor-section-height-default\" data-id=\"3090fa7e\" data-element_type=\"section\">\n\t\t\t\t\t\t<div class=\"elementor-container elementor-column-gap-no\">\n\t\t\t\t\t\t\t<div class=\"elementor-row\">\n\t\t\t\t\t<div class=\"elementor-column elementor-col-100 elementor-top-column elementor-element elementor-element-497d1f26\" data-id=\"497d1f26\" data-element_type=\"column\">\n\t\t\t<div class=\"elementor-column-wrap elementor-element-populated\">\n\t\t\t\t\t\t\t<div class=\"elementor-widget-wrap\">\n\t\t\t\t\t\t<div class=\"elementor-element elementor-element-4f38833 elementor-widget elementor-widget-heading\" data-id=\"4f38833\" data-element_type=\"widget\" data-widget_type=\"heading.default\">\n\t\t\t\t<div class=\"elementor-widget-container\">\n\t\t\t<h1 class=\"elementor-heading-title elementor-size-default\">Media coverage<\/h1>\t\t<\/div>\n\t\t\t\t<\/div>\n\t\t\t\t<div class=\"elementor-element elementor-element-19127a9 elementor-widget elementor-widget-text-editor\" data-id=\"19127a9\" data-element_type=\"widget\" data-widget_type=\"text-editor.default\">\n\t\t\t\t<div class=\"elementor-widget-container\">\n\t\t\t\t\t\t\t\t<div class=\"elementor-text-editor elementor-clearfix\">\n\t\t\t\t<p>13.03.2020\u00a0<a href=\"http:\/\/www.keila.ee\/documents\/179240\/26170524\/tervik_0313.pdf\" target=\"_blank\" rel=\"noopener\">Loe artiklit ajalehes Keila Leht (lk 5)<\/a><\/p>\n<p>02.03.2020\u00a0<a href=\"http:\/\/parnu.tre.ee\/hommikuprogramm\/\" target=\"_blank\" rel=\"noopener\">Kuula intervjuud P\u00e4rnu TRE raadios &#8211; Hommikuprogrammis 2. m\u00e4rtsil algusega 01:09:00<\/a><\/p>\n<p>28.02.2020\u00a0<a href=\"https:\/\/virumaateataja.postimees.ee\/6910360\/vanaaegne-kummikeks-tuleb-tagasi\" target=\"_blank\" rel=\"noopener\">Loe artiklit ajalehe Virumaa Teataja veebiv\u00e4ljaandes<\/a> (the paid article is accessible to My Media subscribers)<\/p>\n<p>11.02.2020\u00a0<a href=\"http:\/\/www.pealinn.ee\/tallinn\/heategevuslik-algatus-toob-koolidesse-tagasi-kummikeksu-n250273\" target=\"_blank\" rel=\"noopener\">Loe artiklit ajalehe Pealinn veebiv\u00e4ljaandes<\/a><\/p>\n<p>11.02.2020\u00a0<a href=\"https:\/\/lounapostimees.postimees.ee\/6897404\/heategevuslik-algatus-toob-koolidesse-tagasi-kummikeksu-ja-footbag-id\" target=\"_blank\" rel=\"noopener\">Loe artiklit ajalehe L\u00f5una-Eesti Postimees veebiv\u00e4ljaandes<\/a><\/p>\n<p>11.02.2020\u00a0<a href=\"https:\/\/www.laanlane.ee\/heategevuslik-algatus-toob-koolidesse-kummikeksu-ja-footbagid\" target=\"_blank\" rel=\"noopener\">Loe artiklit ajalehe L\u00e4\u00e4nlane veebiv\u00e4ljaandes<\/a><\/p>\n<p>30.01.2020\u00a0<a href=\"https:\/\/vahetund.ee\/tallinna-21-kool\/\">Vaata pilte m\u00e4nguvahendite \u00fcleandmise \u00fcritusest Tallinna 21. Koolis<\/a><\/p>\n<p>25.01.2020\u00a0<a href=\"https:\/\/vorumaateataja.ee\/koik-uudised\/elu-ja-kultuur\/24325-vahetunnis-lustimine-saab-vunki-juurde\" target=\"_blank\" rel=\"noopener\">Loe artiklit ajalehe V\u00f5rumaa Teataja veebiv\u00e4ljaandes<\/a> (the paid article is accessible to subscribers of the V\u00f5rumaa Teataja digital page)<\/p>\n<p><span style=\"font-family: Helvetica, sans-serif; font-style: normal; font-weight: 200; font-size: 18px;\">17.01.2020\u00a0<a href=\"https:\/\/virumaateataja.postimees.ee\/6874522\/koolid-ihkavad-keksu\" target=\"_blank\" rel=\"noopener\">Loe artiklit ajalehe Virumaa Teataja veebiv\u00e4ljaandes<\/a><\/span><\/p>\n<p><span style=\"font-family: Helvetica, sans-serif; font-style: normal; font-weight: 200; font-size: 18px;\">13.01.2020\u00a0<\/span><a style=\"font-family: Helvetica, sans-serif; font-style: normal; font-weight: 200; font-size: 18px; background-color: #ffffff;\" href=\"https:\/\/etv.err.ee\/1023533\/kummikeks-vahetundides\" target=\"_blank\" rel=\"noopener\">Vaata projekti tutvustust ETV saates Terevisioon<\/a><\/p>\n<p><span style=\"font-family: Helvetica, sans-serif; font-style: normal; font-weight: 200; font-size: 18px;\">10.01.2020\u00a0<\/span><a style=\"font-family: Helvetica, sans-serif; font-style: normal; font-weight: 200; font-size: 18px; background-color: #ffffff;\" href=\"https:\/\/sakala.postimees.ee\/6868616\/unustatud-kummikeks-hakkab-opilaste-koolipaevi-sisustama\" target=\"_blank\" rel=\"noopener\">Loe artiklit ajalehe Sakala veebiv\u00e4ljaandes<\/a><\/p>\n<p><span style=\"font-family: Helvetica, sans-serif; font-size: 18px; font-style: normal; font-weight: 200;\">06.01.2020\u00a0<\/span><a style=\"font-family: Helvetica, sans-serif; font-size: 18px; font-style: normal; font-weight: 200; background-color: #ffffff;\" href=\"https:\/\/www.telegram.ee\/eesti\/kulutulena-leviv-projekt-vahetund-ee-toob-koolidesse-mangimise-tagasi\" target=\"_blank\" rel=\"noopener\">Loe artiklit ajakirja Telegram veebiv\u00e4ljaandes<\/a><\/p>\n<p><span style=\"font-family: Helvetica, sans-serif; font-size: 18px; font-style: normal; font-weight: 200;\">13.12.2019\u00a0<\/span><a style=\"font-family: Helvetica, sans-serif; font-size: 18px; font-style: normal; font-weight: 200; background-color: #ffffff;\" href=\"http:\/\/rapla.tre.ee\/vahetund-ee-kuula-intervjuud\/\" target=\"_blank\" rel=\"noopener\">Kuula intervjuud Rapla TRE raadios<\/a><\/p>\n<p><span style=\"font-family: Helvetica, sans-serif; font-size: 18px; font-style: normal; font-weight: 200;\">11.12.2019\u00a0<\/span><a style=\"font-family: Helvetica, sans-serif; font-size: 18px; font-style: normal; font-weight: 200; background-color: #ffffff;\" href=\"https:\/\/lasteekraan.err.ee\/1012414\/nova-vahetund\" target=\"_blank\" rel=\"noopener\">Vaata videolugu ERRi noortesaates Nova<\/a><\/p>\n<p><span style=\"font-family: Helvetica, sans-serif; font-size: 18px; font-style: normal; font-weight: 200;\">10.12.2019\u00a0<\/span><a style=\"font-family: Helvetica, sans-serif; font-size: 18px; font-style: normal; font-weight: 200; background-color: #ffffff;\" href=\"https:\/\/www.facebook.com\/watch\/?v=2416860798419769\" target=\"_blank\" rel=\"noopener\">Vaata, kuidas Rauno M\u00e4rks keksu m\u00e4ngib<\/a><\/p>\n<p><span style=\"font-family: Helvetica, sans-serif; font-size: 18px; font-style: normal; font-weight: 200;\">10.12.2019\u00a0<\/span><a style=\"font-family: Helvetica, sans-serif; font-size: 18px; font-style: normal; font-weight: 200; background-color: #ffffff;\" href=\"https:\/\/sky.ee\/podcast\/#bestofpodcast_RETROFM_4594_file-3500\" target=\"_blank\" rel=\"noopener\">Kuula intervjuud raadios Retro FM<\/a><\/p>\n<p><span style=\"font-family: Helvetica, sans-serif; font-size: 18px; font-style: normal; font-weight: 200;\">06.12.2019\u00a0<\/span><a style=\"font-family: Helvetica, sans-serif; font-size: 18px; font-style: normal; font-weight: 200; background-color: #ffffff;\" href=\"https:\/\/elmar.postimees.ee\/6843561\/vahetund-ee-toob-koolilapsed-taas-vanade-heade-mangude-juurde\" target=\"_blank\" rel=\"noopener\">Kuula intervjuud raadios Elmar<\/a><\/p>\n<p><span style=\"font-family: Helvetica, sans-serif; font-size: 18px; font-style: normal; font-weight: 200;\">06.12.2019\u00a0<\/span><a style=\"font-family: Helvetica, sans-serif; font-size: 18px; font-style: normal; font-weight: 200; background-color: #ffffff;\" href=\"https:\/\/www.mixcloud.com\/raadioringfm\/kee-abel-ja-allan-amelju%C5%A1enko-kutsuvad-koole-liituma-heategevusprojektiga-vahetund\" target=\"_blank\" rel=\"noopener\">Kuula intervjuud raadios Ring FM<\/a><\/p>\n<p style=\"font-family: Helvetica, sans-serif; font-style: normal; font-weight: 200;\">02.12.2019\u00a0<a style=\"font-size: 18px;\" href=\"https:\/\/www.tallinn.ee\/est\/Uudis-Tallinn-Moon-Rotary-klubi-tutvustas-Kristiine-gumnaasiumis-vahvaid-vahetunnitegevusi\" target=\"_blank\" rel=\"noopener\">Loe uudist Tallinna linna veebilehel<\/a><\/p>\n<p style=\"font-family: Helvetica, sans-serif; font-style: normal; font-weight: 200;\"><span style=\"font-size: 1.125rem;\">27.11.2019\u00a0<\/span><a style=\"font-size: 1.125rem; background-color: #ffffff;\" href=\"https:\/\/lood.delfi.ee\/perejakodu\/koolilaps\/video-lapsed-polegi-lootusetud-nutihoolikud-tallinna-kristiine-gumnaasiumis-on-populaarne-hoopis-kummikeks?id=88196739\" target=\"_blank\" rel=\"noopener\">Vaata Pere ja Kodu videolugu<\/a><\/p>\n<p style=\"font-family: Helvetica, sans-serif; font-style: normal; font-weight: 200;\"><span style=\"font-family: Helvetica, sans-serif; font-size: 18px; font-style: normal; font-weight: 200;\">27.11.2019\u00a0<\/span><a style=\"font-family: Helvetica, sans-serif; font-size: 18px; font-style: normal; font-weight: 200; background-color: #ffffff;\" href=\"https:\/\/tv.postimees.ee\/6836705\/reporter-kristiiine-gumnaasiumi-vahetundidesse-toodi-kummikeks-ja-footbagid-et-lapsed-saaksid-hupata-ja-karata\" target=\"_blank\" rel=\"noopener\">Vaata Reporteri videolugu<\/a><\/p>\n<p>27.11.2019\u00a0<a href=\"https:\/\/vahetund.ee\/tallinna-kristiine-gumnaasium\/\" rel=\"noopener\">Vaata pilte Kristiine G\u00fcmnaasiumis toimunud projekti ava\u00fcritusest<\/a><\/p>\n\t\t\t\t\t<\/div>\n\t\t\t\t\t\t<\/div>\n\t\t\t\t<\/div>\n\t\t\t\t\t\t<\/div>\n\t\t\t\t\t<\/div>\n\t\t<\/div>\n\t\t\t\t\t\t\t\t<\/div>\n\t\t\t\t\t<\/div>\n\t\t<\/section>\n\t\t\t\t<section class=\"elementor-section elementor-top-section elementor-element elementor-element-357ab75 elementor-section-full_width elementor-section-height-default elementor-section-height-default\" data-id=\"357ab75\" data-element_type=\"section\">\n\t\t\t\t\t\t<div class=\"elementor-container elementor-column-gap-default\">\n\t\t\t\t\t\t\t<div class=\"elementor-row\">\n\t\t\t\t\t<div class=\"elementor-column elementor-col-100 elementor-top-column elementor-element elementor-element-083f98e\" data-id=\"083f98e\" data-element_type=\"column\">\n\t\t\t<div class=\"elementor-column-wrap elementor-element-populated\">\n\t\t\t\t\t\t\t<div class=\"elementor-widget-wrap\">\n\t\t\t\t\t\t<div class=\"elementor-element elementor-element-f48e779 elementor-widget elementor-widget-heading\" data-id=\"f48e779\" data-element_type=\"widget\" data-widget_type=\"heading.default\">\n\t\t\t\t<div class=\"elementor-widget-container\">\n\t\t\t<h4 class=\"elementor-heading-title elementor-size-default\">Thank you to those who supported us!<\/h4>\t\t<\/div>\n\t\t\t\t<\/div>\n\t\t\t\t<section class=\"elementor-section elementor-inner-section elementor-element elementor-element-c595d0f elementor-section-full_width elementor-section-height-default elementor-section-height-default\" data-id=\"c595d0f\" data-element_type=\"section\">\n\t\t\t\t\t\t<div class=\"elementor-container elementor-column-gap-wider\">\n\t\t\t\t\t\t\t<div class=\"elementor-row\">\n\t\t\t\t\t<div class=\"elementor-column elementor-col-25 elementor-inner-column elementor-element elementor-element-59e2ec7\" data-id=\"59e2ec7\" data-element_type=\"column\">\n\t\t\t<div class=\"elementor-column-wrap elementor-element-populated\">\n\t\t\t\t\t\t\t<div class=\"elementor-widget-wrap\">\n\t\t\t\t\t\t<div class=\"elementor-element elementor-element-7039ebd elementor-widget elementor-widget-image\" data-id=\"7039ebd\" data-element_type=\"widget\" data-widget_type=\"image.default\">\n\t\t\t\t<div class=\"elementor-widget-container\">\n\t\t\t\t\t\t\t\t<div class=\"elementor-image\">\n\t\t\t\t\t\t\t\t\t\t\t\t\t<a href=\"https:\/\/rotarymoon.ee\/\" target=\"_blank\">\n\t\t\t\t\t\t\t<img decoding=\"async\" src=\"https:\/\/vahetund.ee\/wp-content\/uploads\/elementor\/thumbs\/kutse_pais_kodukale-1-og2qe4vhgi1d3s85qmvl6zoj8y0uhqd38g65jjjrb4.png\" title=\"Tallinn Moon Rotary Klubi\" alt=\"Tallinn Moon Rotary Klubi\" loading=\"lazy\" \/>\t\t\t\t\t\t\t\t<\/a>\n\t\t\t\t\t\t\t\t\t\t\t\t\t\t<\/div>\n\t\t\t\t\t\t<\/div>\n\t\t\t\t<\/div>\n\t\t\t\t\t\t<\/div>\n\t\t\t\t\t<\/div>\n\t\t<\/div>\n\t\t\t\t<div class=\"elementor-column elementor-col-25 elementor-inner-column elementor-element elementor-element-8288875\" data-id=\"8288875\" data-element_type=\"column\">\n\t\t\t<div class=\"elementor-column-wrap elementor-element-populated\">\n\t\t\t\t\t\t\t<div class=\"elementor-widget-wrap\">\n\t\t\t\t\t\t<div class=\"elementor-element elementor-element-016f75e elementor-widget elementor-widget-image\" data-id=\"016f75e\" data-element_type=\"widget\" data-widget_type=\"image.default\">\n\t\t\t\t<div class=\"elementor-widget-container\">\n\t\t\t\t\t\t\t\t<div class=\"elementor-image\">\n\t\t\t\t\t\t\t\t\t\t\t\t\t<a href=\"https:\/\/www.premia.ee\/\" target=\"_blank\">\n\t\t\t\t\t\t\t<img decoding=\"async\" src=\"https:\/\/vahetund.ee\/wp-content\/uploads\/elementor\/thumbs\/premia-ojfrau8sam36sqzx18rodk0ukmvl6mng03yn75raps.png\" title=\"Premia\" alt=\"Premia\" loading=\"lazy\" \/>\t\t\t\t\t\t\t\t<\/a>\n\t\t\t\t\t\t\t\t\t\t\t\t\t\t<\/div>\n\t\t\t\t\t\t<\/div>\n\t\t\t\t<\/div>\n\t\t\t\t\t\t<\/div>\n\t\t\t\t\t<\/div>\n\t\t<\/div>\n\t\t\t\t<div class=\"elementor-column elementor-col-25 elementor-inner-column elementor-element elementor-element-27a1394\" data-id=\"27a1394\" data-element_type=\"column\">\n\t\t\t<div class=\"elementor-column-wrap elementor-element-populated\">\n\t\t\t\t\t\t\t<div class=\"elementor-widget-wrap\">\n\t\t\t\t\t\t<div class=\"elementor-element elementor-element-61afa28 elementor-widget elementor-widget-image\" data-id=\"61afa28\" data-element_type=\"widget\" data-widget_type=\"image.default\">\n\t\t\t\t<div class=\"elementor-widget-container\">\n\t\t\t\t\t\t\t\t<div class=\"elementor-image\">\n\t\t\t\t\t\t\t\t\t\t\t\t\t<a href=\"https:\/\/www.dpd.com\/ee\" target=\"_blank\">\n\t\t\t\t\t\t\t<img decoding=\"async\" src=\"https:\/\/vahetund.ee\/wp-content\/uploads\/elementor\/thumbs\/DPD_logo_redgrad_rgb-ok8gdth6ntqa05tnjfcmdershjqpymnyibg38id5og.png\" title=\"DPD\" alt=\"DPD\" loading=\"lazy\" \/>\t\t\t\t\t\t\t\t<\/a>\n\t\t\t\t\t\t\t\t\t\t\t\t\t\t<\/div>\n\t\t\t\t\t\t<\/div>\n\t\t\t\t<\/div>\n\t\t\t\t\t\t<\/div>\n\t\t\t\t\t<\/div>\n\t\t<\/div>\n\t\t\t\t<div class=\"elementor-column elementor-col-25 elementor-inner-column elementor-element elementor-element-8fe3cd9\" data-id=\"8fe3cd9\" data-element_type=\"column\">\n\t\t\t<div class=\"elementor-column-wrap elementor-element-populated\">\n\t\t\t\t\t\t\t<div class=\"elementor-widget-wrap\">\n\t\t\t\t\t\t<div class=\"elementor-element elementor-element-2471af9 elementor-widget elementor-widget-image\" data-id=\"2471af9\" data-element_type=\"widget\" data-widget_type=\"image.default\">\n\t\t\t\t<div class=\"elementor-widget-container\">\n\t\t\t\t\t\t\t\t<div class=\"elementor-image\">\n\t\t\t\t\t\t\t\t\t\t\t\t\t<a href=\"http:\/\/printimiskeskus.ee\/\" target=\"_blank\">\n\t\t\t\t\t\t\t<img decoding=\"async\" src=\"https:\/\/vahetund.ee\/wp-content\/uploads\/elementor\/thumbs\/PK_logo_lilla-ohceqb9qiz50ih09rsl464cbfxwpipoufmm5cdhb7k.png\" title=\"PK_logo_lilla\" alt=\"PK_logo_lilla\" loading=\"lazy\" \/>\t\t\t\t\t\t\t\t<\/a>\n\t\t\t\t\t\t\t\t\t\t\t\t\t\t<\/div>\n\t\t\t\t\t\t<\/div>\n\t\t\t\t<\/div>\n\t\t\t\t\t\t<\/div>\n\t\t\t\t\t<\/div>\n\t\t<\/div>\n\t\t\t\t\t\t\t\t<\/div>\n\t\t\t\t\t<\/div>\n\t\t<\/section>\n\t\t\t\t\t\t<\/div>\n\t\t\t\t\t<\/div>\n\t\t<\/div>\n\t\t\t\t\t\t\t\t<\/div>\n\t\t\t\t\t<\/div>\n\t\t<\/section>\n\t\t\t\t<section class=\"elementor-section elementor-top-section elementor-element elementor-element-37642253 elementor-section-content-middle elementor-section-full_width elementor-section-height-default elementor-section-height-default\" data-id=\"37642253\" data-element_type=\"section\">\n\t\t\t\t\t\t<div class=\"elementor-container elementor-column-gap-no\">\n\t\t\t\t\t\t\t<div class=\"elementor-row\">\n\t\t\t\t\t<div class=\"elementor-column elementor-col-100 elementor-top-column elementor-element elementor-element-454e6f32\" data-id=\"454e6f32\" data-element_type=\"column\">\n\t\t\t<div class=\"elementor-column-wrap elementor-element-populated\">\n\t\t\t\t\t\t\t<div class=\"elementor-widget-wrap\">\n\t\t\t\t\t\t<div class=\"elementor-element elementor-element-2022590e elementor-widget elementor-widget-heading\" data-id=\"2022590e\" data-element_type=\"widget\" data-widget_type=\"heading.default\">\n\t\t\t\t<div class=\"elementor-widget-container\">\n\t\t\t<h6 class=\"elementor-heading-title elementor-size-default\">Contact<\/h6>\t\t<\/div>\n\t\t\t\t<\/div>\n\t\t\t\t<div class=\"elementor-element elementor-element-3140733b elementor-widget elementor-widget-heading\" data-id=\"3140733b\" data-element_type=\"widget\" data-widget_type=\"heading.default\">\n\t\t\t\t<div class=\"elementor-widget-container\">\n\t\t\t<h6 class=\"elementor-heading-title elementor-size-default\">info@rotarymoon.ee<\/h6>\t\t<\/div>\n\t\t\t\t<\/div>\n\t\t\t\t\t\t<\/div>\n\t\t\t\t\t<\/div>\n\t\t<\/div>\n\t\t\t\t\t\t\t\t<\/div>\n\t\t\t\t\t<\/div>\n\t\t<\/section>\n\t\t\t\t\t\t\t\t\t<\/div>\n\t\t\t<\/div>\n\t\t\t\t\t<\/div>\n\t\t","protected":false},"excerpt":{"rendered":"<p>Media coverage 13.03.2020&nbsp;Loe artiklit ajalehes Keila Leht (lk 5) 02.03.2020&nbsp;Kuula intervjuud P\u00e4rnu TRE raadios &#8211; Hommikuprogrammis 2. m\u00e4rtsil algusega 01:09:00 28.02.2020&nbsp;Loe artiklit ajalehe Virumaa Teataja&hellip;<\/p>\n","protected":false},"author":1,"featured_media":0,"parent":0,"menu_order":0,"comment_status":"closed","ping_status":"closed","template":"","meta":[],"_links":{"self":[{"href":"https:\/\/vahetund.ee\/en\/wp-json\/wp\/v2\/pages\/5608"}],"collection":[{"href":"https:\/\/vahetund.ee\/en\/wp-json\/wp\/v2\/pages"}],"about":[{"href":"https:\/\/vahetund.ee\/en\/wp-json\/wp\/v2\/types\/page"}],"author":[{"embeddable":true,"href":"https:\/\/vahetund.ee\/en\/wp-json\/wp\/v2\/users\/1"}],"replies":[{"embeddable":true,"href":"https:\/\/vahetund.ee\/en\/wp-json\/wp\/v2\/comments?post=5608"}],"version-history":[{"count":2,"href":"https:\/\/vahetund.ee\/en\/wp-json\/wp\/v2\/pages\/5608\/revisions"}],"predecessor-version":[{"id":5656,"href":"https:\/\/vahetund.ee\/en\/wp-json\/wp\/v2\/pages\/5608\/revisions\/5656"}],"wp:attachment":[{"href":"https:\/\/vahetund.ee\/en\/wp-json\/wp\/v2\/media?parent=5608"}],"curies":[{"name":"wp","href":"https:\/\/api.w.org\/{rel}","templated":true}]}}